{"id":8718,"date":"2024-04-02T11:00:19","date_gmt":"2024-04-02T11:00:19","guid":{"rendered":"https:\/\/rom.stoupia-pania.gr\/?post_type=product&#038;p=8718"},"modified":"2024-04-22T18:36:07","modified_gmt":"2024-04-22T18:36:07","slug":"floor-absorbent-grains-soft","status":"publish","type":"product","link":"https:\/\/achilles-site.com\/ro\/produs\/floor-absorbent-grains-soft\/","title":{"rendered":"Granule absorbante de podea, moi"},"content":{"rendered":"<div data-elementor-type=\"wp-post\" data-elementor-id=\"8718\" class=\"elementor elementor-8718\">\n\t\t\t\t<div class=\"elementor-element elementor-element-7b29e88 e-flex e-con-boxed e-con e-parent\" data-id=\"7b29e88\" data-element_type=\"container\" data-core-v316-plus=\"true\">\n\t\t\t\t\t<div class=\"e-con-inner\">\n\t\t\t\t<div class=\"elementor-element elementor-element-a16e628 elementor-widget elementor-widget-wd_text_block\" data-id=\"a16e628\" data-element_type=\"widget\" data-widget_type=\"wd_text_block.default\">\n\t\t\t\t<div class=\"elementor-widget-container\">\n\t\t\t\t\t<div class=\"wd-text-block reset-last-child text-left\">\n\t\t\t\n\t\t\t<p>Granulele de absorb\u021bie pentru podea sunt granule moi, necalcificate, grosiere, cu capacitate de absorb\u021bie rapid\u0103. Granulele pot fi folosite o singur\u0103 dat\u0103, at\u00e2t \u00een interior, c\u00e2t \u0219i \u00een exterior, \u00een zonele \u00een care s-au v\u0103rsat uleiuri, gr\u0103simi, lubrifian\u021bi, substan\u021be chimice u\u0219oare sau alte lichide. Acest tip de granule absorbante este potrivit pentru orice dezastru \u0219i daune. Con\u021binutul unui sac are o capacitate de absorb\u021bie de aproximativ 30 de litri.<\/p><p>Absorb\u021bie rapid\u0103<\/p><p>Capacitate de absorb\u021bie: aproximativ 30 litri<\/p><p>Rezistenta la foc<\/p><p>Anti-alunecare<\/p><p>Dimensiunea granulelor: 0,6 - 3,4mm<\/p><p>3,0 - 3,5 kg<\/p>\n\t\t\t\t\t<\/div>\n\t\t\t\t<\/div>\n\t\t\t\t<\/div>\n\t\t\t\t\t<\/div>\n\t\t\t\t<\/div>\n\t\t\t\t<\/div>","protected":false},"excerpt":{"rendered":"<p>Granulele de absorb\u021bie pentru podea sunt granule moi, necalcificate, grosiere, cu capacitate de absorb\u021bie rapid\u0103. Granulele pot fi folosite o singur\u0103 dat\u0103, ambele \u00een interior<\/p>","protected":false},"featured_media":8962,"comment_status":"open","ping_status":"closed","template":"","meta":[],"product_cat":[73],"product_tag":[],"class_list":{"0":"post-8718","1":"product","2":"type-product","3":"status-publish","4":"has-post-thumbnail","6":"product_cat-special-absorbent-rags","8":"first","9":"instock","10":"shipping-taxable","11":"product-type-simple"},"_links":{"self":[{"href":"https:\/\/achilles-site.com\/ro\/wp-json\/wp\/v2\/product\/8718","targetHints":{"allow":["GET"]}}],"collection":[{"href":"https:\/\/achilles-site.com\/ro\/wp-json\/wp\/v2\/product"}],"about":[{"href":"https:\/\/achilles-site.com\/ro\/wp-json\/wp\/v2\/types\/product"}],"replies":[{"embeddable":true,"href":"https:\/\/achilles-site.com\/ro\/wp-json\/wp\/v2\/comments?post=8718"}],"version-history":[{"count":6,"href":"https:\/\/achilles-site.com\/ro\/wp-json\/wp\/v2\/product\/8718\/revisions"}],"predecessor-version":[{"id":8963,"href":"https:\/\/achilles-site.com\/ro\/wp-json\/wp\/v2\/product\/8718\/revisions\/8963"}],"wp:featuredmedia":[{"embeddable":true,"href":"https:\/\/achilles-site.com\/ro\/wp-json\/wp\/v2\/media\/8962"}],"wp:attachment":[{"href":"https:\/\/achilles-site.com\/ro\/wp-json\/wp\/v2\/media?parent=8718"}],"wp:term":[{"taxonomy":"product_cat","embeddable":true,"href":"https:\/\/achilles-site.com\/ro\/wp-json\/wp\/v2\/product_cat?post=8718"},{"taxonomy":"product_tag","embeddable":true,"href":"https:\/\/achilles-site.com\/ro\/wp-json\/wp\/v2\/product_tag?post=8718"}],"curies":[{"name":"wp","href":"https:\/\/api.w.org\/{rel}","templated":true}]}}