{"id":8681,"date":"2024-04-02T10:02:03","date_gmt":"2024-04-02T10:02:03","guid":{"rendered":"https:\/\/rom.stoupia-pania.gr\/?post_type=product&#038;p=8681"},"modified":"2024-04-22T18:30:32","modified_gmt":"2024-04-22T18:30:32","slug":"sock-20-pieces-pack","status":"publish","type":"product","link":"https:\/\/achilles-site.com\/ro\/produs\/sock-20-pieces-pack\/","title":{"rendered":"\u0218oset\u0103, 20 buc\u0103\u021bi\/pachet"},"content":{"rendered":"<div data-elementor-type=\"wp-post\" data-elementor-id=\"8681\" class=\"elementor elementor-8681\">\n\t\t\t\t<div class=\"elementor-element elementor-element-7b29e88 e-flex e-con-boxed e-con e-parent\" data-id=\"7b29e88\" data-element_type=\"container\" data-core-v316-plus=\"true\">\n\t\t\t\t\t<div class=\"e-con-inner\">\n\t\t\t\t<div class=\"elementor-element elementor-element-a16e628 elementor-widget elementor-widget-wd_text_block\" data-id=\"a16e628\" data-element_type=\"widget\" data-widget_type=\"wd_text_block.default\">\n\t\t\t\t<div class=\"elementor-widget-container\">\n\t\t\t\t\t<div class=\"wd-text-block reset-last-child text-left\">\n\t\t\t\n\t\t\t<p>Produsele absorbante industriale pot absorbi lichide grase, apa si substante chimice inactive, cu o capacitate de absorbtie de 134 litri. \u0218osetele sunt u\u0219or de ata\u0219at cu c\u00e2rlige \u0219i au fir puternic pentru o putere optim\u0103 de tragere, f\u0103c\u00e2ndu-i ideali pentru a crea o barier\u0103 de orice lungime dorit\u0103.<\/p><p>\u0218osete industriale cu absorb\u021bie<\/p><p>Absorb\u021bia uleiului, a apei \u0219i a substan\u021belor chimice inactive<\/p><p>120 cm x 8 cm<\/p><p>Capacitate de absorb\u021bie 134 litri<\/p><p>20 de buc\u0103\u021bi per pachet<\/p>\n\t\t\t\t\t<\/div>\n\t\t\t\t<\/div>\n\t\t\t\t<\/div>\n\t\t\t\t\t<\/div>\n\t\t\t\t<\/div>\n\t\t\t\t<\/div>","protected":false},"excerpt":{"rendered":"<p>Produsele absorbante industriale pot absorbi lichide grase, apa si substante chimice inactive, cu o capacitate de absorbtie de 134 litri. Sosetele<\/p>","protected":false},"featured_media":8936,"comment_status":"open","ping_status":"closed","template":"","meta":[],"product_cat":[73],"product_tag":[],"class_list":{"0":"post-8681","1":"product","2":"type-product","3":"status-publish","4":"has-post-thumbnail","6":"product_cat-special-absorbent-rags","8":"first","9":"instock","10":"shipping-taxable","11":"product-type-simple"},"_links":{"self":[{"href":"https:\/\/achilles-site.com\/ro\/wp-json\/wp\/v2\/product\/8681","targetHints":{"allow":["GET"]}}],"collection":[{"href":"https:\/\/achilles-site.com\/ro\/wp-json\/wp\/v2\/product"}],"about":[{"href":"https:\/\/achilles-site.com\/ro\/wp-json\/wp\/v2\/types\/product"}],"replies":[{"embeddable":true,"href":"https:\/\/achilles-site.com\/ro\/wp-json\/wp\/v2\/comments?post=8681"}],"version-history":[{"count":5,"href":"https:\/\/achilles-site.com\/ro\/wp-json\/wp\/v2\/product\/8681\/revisions"}],"predecessor-version":[{"id":8948,"href":"https:\/\/achilles-site.com\/ro\/wp-json\/wp\/v2\/product\/8681\/revisions\/8948"}],"wp:featuredmedia":[{"embeddable":true,"href":"https:\/\/achilles-site.com\/ro\/wp-json\/wp\/v2\/media\/8936"}],"wp:attachment":[{"href":"https:\/\/achilles-site.com\/ro\/wp-json\/wp\/v2\/media?parent=8681"}],"wp:term":[{"taxonomy":"product_cat","embeddable":true,"href":"https:\/\/achilles-site.com\/ro\/wp-json\/wp\/v2\/product_cat?post=8681"},{"taxonomy":"product_tag","embeddable":true,"href":"https:\/\/achilles-site.com\/ro\/wp-json\/wp\/v2\/product_tag?post=8681"}],"curies":[{"name":"wp","href":"https:\/\/api.w.org\/{rel}","templated":true}]}}