{"id":8604,"date":"2024-04-01T10:07:17","date_gmt":"2024-04-01T10:07:17","guid":{"rendered":"https:\/\/rom.stoupia-pania.gr\/?post_type=product&#038;p=8604"},"modified":"2024-04-22T18:17:54","modified_gmt":"2024-04-22T18:17:54","slug":"absorbent-arms-low-fluff-content-3m-x-20cm","status":"publish","type":"product","link":"https:\/\/achilles-site.com\/ro\/produs\/absorbent-arms-low-fluff-content-3m-x-20cm\/","title":{"rendered":"Bra\u021be absorbante, con\u021binut sc\u0103zut de puf, 3m\u00d720cm"},"content":{"rendered":"<div data-elementor-type=\"wp-post\" data-elementor-id=\"8604\" class=\"elementor elementor-8604\">\n\t\t\t\t<div class=\"elementor-element elementor-element-7b29e88 e-flex e-con-boxed e-con e-parent\" data-id=\"7b29e88\" data-element_type=\"container\" data-core-v316-plus=\"true\">\n\t\t\t\t\t<div class=\"e-con-inner\">\n\t\t\t\t<div class=\"elementor-element elementor-element-a16e628 elementor-widget elementor-widget-wd_text_block\" data-id=\"a16e628\" data-element_type=\"widget\" data-widget_type=\"wd_text_block.default\">\n\t\t\t\t<div class=\"elementor-widget-container\">\n\t\t\t\t\t<div class=\"wd-text-block reset-last-child text-left\">\n\t\t\t\n\t\t\t<p>Bra\u021bele de absorb\u021bie a uleiului sunt hidrofuge \u0219i pot absorbi toate lichidele care con\u021bin ulei. Pot fi folosite atat in interior cat si in exterior, pe uscat sau in apa. Extrem de potrivit pentru \u00eendep\u0103rtarea imediat\u0103 a oric\u0103rei scurgeri, complet ecologic. Bra\u021bele de absorb\u021bie au o capacitate de absorb\u021bie de 137 litri \u0219i se leag\u0103 u\u0219or cu c\u00e2rlige. Sunt echipate cu un fir puternic pentru o putere optim\u0103 de tragere, f\u0103c\u00e2ndu-le ideale pentru a crea un baraj de orice lungime dorit\u0103. Fluxul de ulei este \u00eentrerupt \u0219i absorbit \u00een acela\u0219i timp.<\/p><p>Rezistenta la apa<\/p><p>3m x 20 cm<\/p><p>Suport cu plas\u0103 sub\u021bire<\/p><p>Capacitate de absorb\u021bie 137 litri<\/p><p>Utiliza\u021bi at\u00e2t pe uscat, c\u00e2t \u0219i \u00een ap\u0103<\/p><p>Posibilitate pentru orice lungime dorita<\/p>\n\t\t\t\t\t<\/div>\n\t\t\t\t<\/div>\n\t\t\t\t<\/div>\n\t\t\t\t\t<\/div>\n\t\t\t\t<\/div>\n\t\t\t\t<\/div>","protected":false},"excerpt":{"rendered":"<p>Bra\u021bele de absorb\u021bie a uleiului sunt hidrofuge \u0219i pot absorbi toate lichidele care con\u021bin ulei. Ele pot fi folosite at\u00e2t \u00een interior, c\u00e2t \u0219i<\/p>","protected":false},"featured_media":8934,"comment_status":"open","ping_status":"closed","template":"","meta":[],"product_cat":[73],"product_tag":[],"class_list":{"0":"post-8604","1":"product","2":"type-product","3":"status-publish","4":"has-post-thumbnail","6":"product_cat-special-absorbent-rags","8":"first","9":"instock","10":"shipping-taxable","11":"product-type-simple"},"_links":{"self":[{"href":"https:\/\/achilles-site.com\/ro\/wp-json\/wp\/v2\/product\/8604","targetHints":{"allow":["GET"]}}],"collection":[{"href":"https:\/\/achilles-site.com\/ro\/wp-json\/wp\/v2\/product"}],"about":[{"href":"https:\/\/achilles-site.com\/ro\/wp-json\/wp\/v2\/types\/product"}],"replies":[{"embeddable":true,"href":"https:\/\/achilles-site.com\/ro\/wp-json\/wp\/v2\/comments?post=8604"}],"version-history":[{"count":5,"href":"https:\/\/achilles-site.com\/ro\/wp-json\/wp\/v2\/product\/8604\/revisions"}],"predecessor-version":[{"id":8609,"href":"https:\/\/achilles-site.com\/ro\/wp-json\/wp\/v2\/product\/8604\/revisions\/8609"}],"wp:featuredmedia":[{"embeddable":true,"href":"https:\/\/achilles-site.com\/ro\/wp-json\/wp\/v2\/media\/8934"}],"wp:attachment":[{"href":"https:\/\/achilles-site.com\/ro\/wp-json\/wp\/v2\/media?parent=8604"}],"wp:term":[{"taxonomy":"product_cat","embeddable":true,"href":"https:\/\/achilles-site.com\/ro\/wp-json\/wp\/v2\/product_cat?post=8604"},{"taxonomy":"product_tag","embeddable":true,"href":"https:\/\/achilles-site.com\/ro\/wp-json\/wp\/v2\/product_tag?post=8604"}],"curies":[{"name":"wp","href":"https:\/\/api.w.org\/{rel}","templated":true}]}}