{"id":8582,"date":"2024-04-01T09:41:50","date_gmt":"2024-04-01T09:41:50","guid":{"rendered":"https:\/\/rom.stoupia-pania.gr\/?post_type=product&#038;p=8582"},"modified":"2024-04-22T18:11:18","modified_gmt":"2024-04-22T18:11:18","slug":"absorption-roll-for-oil-perforated-54mx38cm","status":"publish","type":"product","link":"https:\/\/achilles-site.com\/ro\/produs\/absorption-roll-for-oil-perforated-54mx38cm\/","title":{"rendered":"Rol\u0103 de absorb\u021bie pentru ulei \u2013 perforat\u0103 54m\u00d738cm"},"content":{"rendered":"<div data-elementor-type=\"wp-post\" data-elementor-id=\"8582\" class=\"elementor elementor-8582\">\n\t\t\t\t<div class=\"elementor-element elementor-element-7b29e88 e-flex e-con-boxed e-con e-parent\" data-id=\"7b29e88\" data-element_type=\"container\" data-core-v316-plus=\"true\">\n\t\t\t\t\t<div class=\"e-con-inner\">\n\t\t\t\t<div class=\"elementor-element elementor-element-a16e628 elementor-widget elementor-widget-wd_text_block\" data-id=\"a16e628\" data-element_type=\"widget\" data-widget_type=\"wd_text_block.default\">\n\t\t\t\t<div class=\"elementor-widget-container\">\n\t\t\t\t\t<div class=\"wd-text-block reset-last-child text-left\">\n\t\t\t\n\t\t\t<p>Role de absorbtie pentru ulei, 54m x 38cm. <br \/>Rolele absorbante de ulei sunt hidrofuge \u0219i pot absorbi toate lichidele care con\u021bin ulei. Pot fi folosite si in interior si exterior, pe uscat sau in apa. Extrem de potrivit pentru \u00eendep\u0103rtarea oric\u0103rei scurgeri de ulei rapid \u0219i complet, ecologic.<\/p><p>Rezistent la ap\u0103, 54 m x 38 cm<\/p><p>Capacitate de absorb\u021bie de p\u00e2n\u0103 la 212 litri<\/p><p>Poate fi folosit atat pe sol cat si in apa<\/p><p>Ambalare: 2 rulouri per pung\u0103<\/p>\n\t\t\t\t\t<\/div>\n\t\t\t\t<\/div>\n\t\t\t\t<\/div>\n\t\t\t\t\t<\/div>\n\t\t\t\t<\/div>\n\t\t\t\t<\/div>","protected":false},"excerpt":{"rendered":"<p>Role de absorbtie pentru ulei, 54m x 38cm. Rolele absorbante de ulei sunt hidrofuge \u0219i pot absorbi toate lichidele care con\u021bin ulei.<\/p>","protected":false},"featured_media":8926,"comment_status":"open","ping_status":"closed","template":"","meta":[],"product_cat":[73],"product_tag":[],"class_list":{"0":"post-8582","1":"product","2":"type-product","3":"status-publish","4":"has-post-thumbnail","6":"product_cat-special-absorbent-rags","8":"first","9":"instock","10":"shipping-taxable","11":"product-type-simple"},"_links":{"self":[{"href":"https:\/\/achilles-site.com\/ro\/wp-json\/wp\/v2\/product\/8582","targetHints":{"allow":["GET"]}}],"collection":[{"href":"https:\/\/achilles-site.com\/ro\/wp-json\/wp\/v2\/product"}],"about":[{"href":"https:\/\/achilles-site.com\/ro\/wp-json\/wp\/v2\/types\/product"}],"replies":[{"embeddable":true,"href":"https:\/\/achilles-site.com\/ro\/wp-json\/wp\/v2\/comments?post=8582"}],"version-history":[{"count":5,"href":"https:\/\/achilles-site.com\/ro\/wp-json\/wp\/v2\/product\/8582\/revisions"}],"predecessor-version":[{"id":8927,"href":"https:\/\/achilles-site.com\/ro\/wp-json\/wp\/v2\/product\/8582\/revisions\/8927"}],"wp:featuredmedia":[{"embeddable":true,"href":"https:\/\/achilles-site.com\/ro\/wp-json\/wp\/v2\/media\/8926"}],"wp:attachment":[{"href":"https:\/\/achilles-site.com\/ro\/wp-json\/wp\/v2\/media?parent=8582"}],"wp:term":[{"taxonomy":"product_cat","embeddable":true,"href":"https:\/\/achilles-site.com\/ro\/wp-json\/wp\/v2\/product_cat?post=8582"},{"taxonomy":"product_tag","embeddable":true,"href":"https:\/\/achilles-site.com\/ro\/wp-json\/wp\/v2\/product_tag?post=8582"}],"curies":[{"name":"wp","href":"https:\/\/api.w.org\/{rel}","templated":true}]}}