{"id":8512,"date":"2024-03-31T11:26:06","date_gmt":"2024-03-31T11:26:06","guid":{"rendered":"https:\/\/rom.stoupia-pania.gr\/?post_type=product&#038;p=8512"},"modified":"2024-03-31T12:58:35","modified_gmt":"2024-03-31T12:58:35","slug":"colored-towel-100-cotton","status":"publish","type":"product","link":"https:\/\/achilles-site.com\/ro\/produs\/colored-towel-100-cotton\/","title":{"rendered":"Prosop colorat 100% Bumbac"},"content":{"rendered":"<div data-elementor-type=\"wp-post\" data-elementor-id=\"8512\" class=\"elementor elementor-8512\">\n\t\t\t\t<div class=\"elementor-element elementor-element-7b29e88 e-flex e-con-boxed e-con e-parent\" data-id=\"7b29e88\" data-element_type=\"container\" data-core-v316-plus=\"true\">\n\t\t\t\t\t<div class=\"e-con-inner\">\n\t\t\t\t<div class=\"elementor-element elementor-element-a16e628 elementor-widget elementor-widget-wd_text_block\" data-id=\"a16e628\" data-element_type=\"widget\" data-widget_type=\"wd_text_block.default\">\n\t\t\t\t<div class=\"elementor-widget-container\">\n\t\t\t\t\t<div class=\"wd-text-block reset-last-child text-left\">\n\t\t\t\n\t\t\t<p>Lavete de curatare compuse numai din prosoape de bumbac 100% cu absorbanta mare. Culori deschise amestecate. T\u0103iat \u00een dimensiuni de aproximativ 40\u00d740 cm. Produsele noastre sunt doar de origine europeana si indeplinesc toate normele de igiena si dezinfectare in vigoare in Uniunea Europeana.<br \/>Au o absorb\u021bie foarte mare.<\/p><p>Ambalare: 9 kg<\/p><p>Pachete de distributie: 36 kg<\/p><p>Domeniu de utilizare: unde este necesar\u0103 o absorb\u021bie mare. Ideal pentru uleiuri, lichide, nafta sau gr\u0103simi \u00een general<\/p>\n\t\t\t\t\t<\/div>\n\t\t\t\t<\/div>\n\t\t\t\t<\/div>\n\t\t\t\t\t<\/div>\n\t\t\t\t<\/div>\n\t\t\t\t<\/div>","protected":false},"excerpt":{"rendered":"<p>Lavete de curatat compuse numai din prosoape de bumbac 100% cu absorbanta mare. Culori deschise amestecate. T\u0103iat \u00een dimensiuni de aproximativ 40\u00d740<\/p>","protected":false},"featured_media":8527,"comment_status":"open","ping_status":"closed","template":"","meta":[],"product_cat":[71],"product_tag":[],"class_list":{"0":"post-8512","1":"product","2":"type-product","3":"status-publish","4":"has-post-thumbnail","6":"product_cat-coloured-cleaning-rags","8":"first","9":"instock","10":"shipping-taxable","11":"product-type-simple"},"_links":{"self":[{"href":"https:\/\/achilles-site.com\/ro\/wp-json\/wp\/v2\/product\/8512","targetHints":{"allow":["GET"]}}],"collection":[{"href":"https:\/\/achilles-site.com\/ro\/wp-json\/wp\/v2\/product"}],"about":[{"href":"https:\/\/achilles-site.com\/ro\/wp-json\/wp\/v2\/types\/product"}],"replies":[{"embeddable":true,"href":"https:\/\/achilles-site.com\/ro\/wp-json\/wp\/v2\/comments?post=8512"}],"version-history":[{"count":5,"href":"https:\/\/achilles-site.com\/ro\/wp-json\/wp\/v2\/product\/8512\/revisions"}],"predecessor-version":[{"id":8528,"href":"https:\/\/achilles-site.com\/ro\/wp-json\/wp\/v2\/product\/8512\/revisions\/8528"}],"wp:featuredmedia":[{"embeddable":true,"href":"https:\/\/achilles-site.com\/ro\/wp-json\/wp\/v2\/media\/8527"}],"wp:attachment":[{"href":"https:\/\/achilles-site.com\/ro\/wp-json\/wp\/v2\/media?parent=8512"}],"wp:term":[{"taxonomy":"product_cat","embeddable":true,"href":"https:\/\/achilles-site.com\/ro\/wp-json\/wp\/v2\/product_cat?post=8512"},{"taxonomy":"product_tag","embeddable":true,"href":"https:\/\/achilles-site.com\/ro\/wp-json\/wp\/v2\/product_tag?post=8512"}],"curies":[{"name":"wp","href":"https:\/\/api.w.org\/{rel}","templated":true}]}}