{"id":8507,"date":"2024-03-31T11:22:54","date_gmt":"2024-03-31T11:22:54","guid":{"rendered":"https:\/\/rom.stoupia-pania.gr\/?post_type=product&#038;p=8507"},"modified":"2024-03-31T12:59:33","modified_gmt":"2024-03-31T12:59:33","slug":"colored-cotton-cleaning-cut-rags-tricot-sweatshirt","status":"publish","type":"product","link":"https:\/\/achilles-site.com\/ro\/produs\/colored-cotton-cleaning-cut-rags-tricot-sweatshirt\/","title":{"rendered":"Carpe colorate pentru cur\u0103\u021bare din bumbac (tricot \u2013 hanorac)"},"content":{"rendered":"<div data-elementor-type=\"wp-post\" data-elementor-id=\"8507\" class=\"elementor elementor-8507\">\n\t\t\t\t<div class=\"elementor-element elementor-element-7b29e88 e-flex e-con-boxed e-con e-parent\" data-id=\"7b29e88\" data-element_type=\"container\" data-core-v316-plus=\"true\">\n\t\t\t\t\t<div class=\"e-con-inner\">\n\t\t\t\t<div class=\"elementor-element elementor-element-a16e628 elementor-widget elementor-widget-wd_text_block\" data-id=\"a16e628\" data-element_type=\"widget\" data-widget_type=\"wd_text_block.default\">\n\t\t\t\t<div class=\"elementor-widget-container\">\n\t\t\t\t\t<div class=\"wd-text-block reset-last-child text-left\">\n\t\t\t\n\t\t\t<p>Bumbac c\u00e2rpe de cur\u0103\u021bat bumbac, cu un procent mic de hanorac. Au fost tratate suplimentar \u0219i elastic, gulerele etc. au fost \u00eendep\u0103rtate, t\u0103iate la dimensiunea ideal\u0103. Raport calitate-pret foarte bun. Produsele noastre sunt doar de origine european\u0103 \u0219i \u00eendeplinesc toate regulile de igien\u0103 \u0219i dezinfec\u021bie aplicabile \u00een Uniunea European\u0103.<br \/>Au o absorb\u021bie foarte mare.<\/p><p>Ambalare: 1 - 2,4 - 4,4 - 10 - 10 - 15 - 20 kg<\/p><p>Pachete de distributie: 12 - 18 - 22 - 22 - 24 - 30 kg<\/p><p>Domeniu de aplicare: Industrie - Grafic\u0103 - Ma\u0219ini - Mobilier - Mobilier - Marin - Vopsele \u0219i cerneluri - Industrie<\/p>\n\t\t\t\t\t<\/div>\n\t\t\t\t<\/div>\n\t\t\t\t<\/div>\n\t\t\t\t\t<\/div>\n\t\t\t\t<\/div>\n\t\t\t\t<\/div>","protected":false},"excerpt":{"rendered":"<p>Bumbac c\u00e2rpe de cur\u0103\u021bat bumbac, cu un procent mic de hanorac. Au fost tratate suplimentar \u0219i au elastic, gulere etc<\/p>","protected":false},"featured_media":8529,"comment_status":"open","ping_status":"closed","template":"","meta":[],"product_cat":[71],"product_tag":[],"class_list":{"0":"post-8507","1":"product","2":"type-product","3":"status-publish","4":"has-post-thumbnail","6":"product_cat-coloured-cleaning-rags","8":"first","9":"instock","10":"shipping-taxable","11":"product-type-simple"},"_links":{"self":[{"href":"https:\/\/achilles-site.com\/ro\/wp-json\/wp\/v2\/product\/8507","targetHints":{"allow":["GET"]}}],"collection":[{"href":"https:\/\/achilles-site.com\/ro\/wp-json\/wp\/v2\/product"}],"about":[{"href":"https:\/\/achilles-site.com\/ro\/wp-json\/wp\/v2\/types\/product"}],"replies":[{"embeddable":true,"href":"https:\/\/achilles-site.com\/ro\/wp-json\/wp\/v2\/comments?post=8507"}],"version-history":[{"count":5,"href":"https:\/\/achilles-site.com\/ro\/wp-json\/wp\/v2\/product\/8507\/revisions"}],"predecessor-version":[{"id":8530,"href":"https:\/\/achilles-site.com\/ro\/wp-json\/wp\/v2\/product\/8507\/revisions\/8530"}],"wp:featuredmedia":[{"embeddable":true,"href":"https:\/\/achilles-site.com\/ro\/wp-json\/wp\/v2\/media\/8529"}],"wp:attachment":[{"href":"https:\/\/achilles-site.com\/ro\/wp-json\/wp\/v2\/media?parent=8507"}],"wp:term":[{"taxonomy":"product_cat","embeddable":true,"href":"https:\/\/achilles-site.com\/ro\/wp-json\/wp\/v2\/product_cat?post=8507"},{"taxonomy":"product_tag","embeddable":true,"href":"https:\/\/achilles-site.com\/ro\/wp-json\/wp\/v2\/product_tag?post=8507"}],"curies":[{"name":"wp","href":"https:\/\/api.w.org\/{rel}","templated":true}]}}